{"id":18983,"date":"2020-10-30T22:20:13","date_gmt":"2020-10-30T20:20:13","guid":{"rendered":"https:\/\/oewf.org\/?page_id=18983"},"modified":"2020-10-31T10:26:26","modified_gmt":"2020-10-31T08:26:26","slug":"pextex-project","status":"publish","type":"page","link":"https:\/\/oewf.org\/en\/pextex-project\/","title":{"rendered":"PExTex Project"},"content":{"rendered":"\n<p><strong><strong>Over 50 years after the first human lunar landing, humanity is preparing to return to the Moon. Materials to be used in those missions will have to withstand the lunar environment over longer periods of time. Future Extravehicular Activities (EVAs) on the lunar surface will require improved suit concepts compared to previous systems of the Apollo era. PExTex is an ESA-funded project, implemented by the consortium of DITF (German Institutes of Textile and Fiber Research) and OeWF under the coordination of COMEX SA. The objectives of PExTex are:<\/strong><\/strong><\/p>\n\n\n\n<ul class=\"wp-block-list\"><li><strong>\u2026 to identify (novel) materials for future EVA space suit developments in Europe.<\/strong><\/li><li><strong>\u2026 to propose a testing strategy to verify that such materials meet the conditions of future missions to the lunar surface.<\/strong><\/li><\/ul>\n\n\n\n<p>The project aims to identify and test textiles to fulfil the requirements posed by the lunar environment. Some of those are:<\/p>\n\n\n\n<figure class=\"wp-block-image size-full\"><img loading=\"lazy\" decoding=\"async\" width=\"800\" height=\"495\" src=\"https:\/\/oewf.org\/wp-content\/uploads\/2020\/10\/pextex-requirements-en.png\" alt=\"\" class=\"wp-image-18987\" srcset=\"https:\/\/oewf.org\/wp-content\/uploads\/2020\/10\/pextex-requirements-en.png 800w, https:\/\/oewf.org\/wp-content\/uploads\/2020\/10\/pextex-requirements-en-300x186.png 300w, https:\/\/oewf.org\/wp-content\/uploads\/2020\/10\/pextex-requirements-en-600x371.png 600w, https:\/\/oewf.org\/wp-content\/uploads\/2020\/10\/pextex-requirements-en-768x475.png 768w\" sizes=\"auto, (max-width: 800px) 100vw, 800px\" \/><\/figure>\n\n\n\n<p>The Austrian Space Forum performed computer simulations and tests targeting the issues of ionizing radiation and microbial growth.<\/p>\n\n\n\n<h2 class=\"wp-block-heading\">Radiation Simulations and Tests<\/h2>\n\n\n\n<div class=\"wp-block-image\"><figure class=\"alignleft size-large is-resized\"><a href=\"https:\/\/oewf.org\/wp-content\/uploads\/2020\/10\/131217_TKP3741-3742_300-scaled.jpg\" class=\"fancybox\"><img decoding=\"async\" src=\"https:\/\/oewf.org\/wp-content\/uploads\/2020\/10\/131217_TKP3741-3742_300-600x227.jpg\" alt=\"MedAustron Synchrotron \u2013 Core of the accelerator facility (c) MedAustron, K\u00e4stenbauer\/Ettl\" class=\"wp-image-18959\" width=\"900\" title=\"MedAustron Synchrotron \u2013 Core of the accelerator facility (c) MedAustron, K\u00e4stenbauer\/Ettl\" srcset=\"https:\/\/oewf.org\/wp-content\/uploads\/2020\/10\/131217_TKP3741-3742_300-600x227.jpg 600w, https:\/\/oewf.org\/wp-content\/uploads\/2020\/10\/131217_TKP3741-3742_300-300x114.jpg 300w, https:\/\/oewf.org\/wp-content\/uploads\/2020\/10\/131217_TKP3741-3742_300-768x291.jpg 768w, https:\/\/oewf.org\/wp-content\/uploads\/2020\/10\/131217_TKP3741-3742_300-1536x582.jpg 1536w, https:\/\/oewf.org\/wp-content\/uploads\/2020\/10\/131217_TKP3741-3742_300-2048x776.jpg 2048w\" sizes=\"(max-width: 600px) 100vw, 600px\" \/><\/a><figcaption><em>MedAustron Synchrotron \u2013 Core of the accelerator facility (c) MedAustron, K\u00e4stenbauer\/Ettl<\/em><\/figcaption><\/figure><\/div>\n\n\n\n<p>Ionizing radiation is a major environmental factor to be considered in lunar missions. As the Moon is not protected by a magnetic field, like the Earth, it is constantly being bombarded by highly energetic charged particles. This radiation can cause material fatigue and severe health effects. The most important radiation sources are Galactic Cosmic Rays (GCR) and energetic particles emitted by the Sun in solar particle events (SPEs). In numerical simulations, the OeWF modelled how this radiation would interact with the spacesuit textiles, and which radiation dose this would cause for the astronaut wearing such a suit.<\/p>\n\n\n\n<p>The simulations were verified by two real-life tests at the MedAustron center for ion therapy and research in Wiener Neustadt. The facility features four irradiation rooms, where three are used for patient treatment and one for non-clinical research. The testing campaign at MedAustron was split into two basic subtests:<\/p>\n\n\n\n<div class=\"wp-block-columns is-layout-flex wp-container-core-columns-is-layout-9d6595d7 wp-block-columns-is-layout-flex\">\n<div class=\"wp-block-column is-layout-flow wp-block-column-is-layout-flow\" style=\"flex-basis:66.66%\">\n<h2 class=\"wp-block-heading\">Radition Test &#8211; Material Fatigue<\/h2>\n\n\n\n<p>In this test a high radiation dose, about 50&nbsp;Gy, was deposited in the fabric. The aim of the test was to determine to what extent the textiles are damaged by radiation. The test was performed on multiple samples of each investigated material. After the irradiation, the materials\u2019 tensile strength was quantified at DITF \u2013 for that the textile is stretched until it breaks, and the maximum force measured. This value was compared to the tensile force achieved by a non-irradiated textile<\/p>\n\n\n\n<p><\/p>\n\n\n\n<h2 class=\"wp-block-heading\">Radition Test \u2013 Shielding<\/h2>\n\n\n\n<p>Um die Gefahren durch Strahlung im Weltall zu minimieren, w\u00e4re es w\u00fcnschenswert, dass ein Raumanzug solche Strahlung abschirmt. W\u00e4hrend Kopf und Rumpf des Astronauten durch die festen Teile des Anzugs (Helm, Lebenserhaltungsrucksack, feste Oberk\u00f6rperteile) gesch\u00fctzt sind, sind Arme und Beine nur durch Textilien bedeckt. Aus diesem Grund untersuchte das Projekt die getesteten Stoffe auf deren Eignung zur Abschirmung eines Protonenstrahls. Daf\u00fcr wurde der Dosimeterwert durch den Strahl ohne Textil verglichen mit den Ergebnissen, die mit verschiedenen Materialien vor dem Detektor erreicht wurden.<\/p>\n<\/div>\n\n\n\n<div class=\"wp-block-column is-layout-flow wp-block-column-is-layout-flow\" style=\"flex-basis:33.33%\">\n<figure class=\"wp-block-image size-large\"><a href=\"https:\/\/oewf.org\/wp-content\/uploads\/2020\/10\/pextex-sample-holder_OeWF-Sejkora.jpg\" class=\"fancybox\"><img loading=\"lazy\" decoding=\"async\" width=\"600\" height=\"551\" src=\"https:\/\/oewf.org\/wp-content\/uploads\/2020\/10\/pextex-sample-holder_OeWF-Sejkora-600x551.jpg\" alt=\"Sample holder for radiation material fatigue test (c) OeWF\/Sejkora\" class=\"wp-image-18962\" title=\"Sample holder for radiation material fatigue test (c) OeWF\/Sejkora\" srcset=\"https:\/\/oewf.org\/wp-content\/uploads\/2020\/10\/pextex-sample-holder_OeWF-Sejkora-600x551.jpg 600w, https:\/\/oewf.org\/wp-content\/uploads\/2020\/10\/pextex-sample-holder_OeWF-Sejkora-300x275.jpg 300w, https:\/\/oewf.org\/wp-content\/uploads\/2020\/10\/pextex-sample-holder_OeWF-Sejkora-768x705.jpg 768w, https:\/\/oewf.org\/wp-content\/uploads\/2020\/10\/pextex-sample-holder_OeWF-Sejkora.jpg 1200w\" sizes=\"auto, (max-width: 600px) 100vw, 600px\" \/><\/a><figcaption><em>Sample holder for radiation material fatigue test (c) OeWF\/Sejkora<\/em><\/figcaption><\/figure>\n\n\n\n<figure class=\"wp-block-image size-large\"><a href=\"https:\/\/oewf.org\/wp-content\/uploads\/2020\/10\/medaustron-peakfinder_medaustron-klampfer.jpg\" class=\"fancybox\"><img loading=\"lazy\" decoding=\"async\" width=\"600\" height=\"450\" src=\"https:\/\/oewf.org\/wp-content\/uploads\/2020\/10\/medaustron-peakfinder_medaustron-klampfer-600x450.jpg\" alt=\"Textile sample in front of the peak finder device at MedAustron (c)  MedAustron, Klampfer\" class=\"wp-image-18964\" title=\"Textile sample in front of the peak finder device at MedAustron (c)  MedAustron, Klampfer\" srcset=\"https:\/\/oewf.org\/wp-content\/uploads\/2020\/10\/medaustron-peakfinder_medaustron-klampfer-600x450.jpg 600w, https:\/\/oewf.org\/wp-content\/uploads\/2020\/10\/medaustron-peakfinder_medaustron-klampfer-300x225.jpg 300w, https:\/\/oewf.org\/wp-content\/uploads\/2020\/10\/medaustron-peakfinder_medaustron-klampfer-768x576.jpg 768w, https:\/\/oewf.org\/wp-content\/uploads\/2020\/10\/medaustron-peakfinder_medaustron-klampfer.jpg 1200w\" sizes=\"auto, (max-width: 600px) 100vw, 600px\" \/><\/a><figcaption><em>Textile sample in front of the peak finder device at MedAustron (c) MedAustron, Klampfer<\/em><\/figcaption><\/figure>\n<\/div>\n<\/div>\n\n\n\n<h1 class=\"wp-block-heading\">Microbial Growth Tests<\/h1>\n\n\n\n<p>During future lunar missions, the spacesuits will be used for long durations. In use, they will inevitably be exposed to microorganisms living e.g. on the human skin. Uncontrolled microbial growth on or inside the spacesuit could lead to material degradation, foul odours and even health risks for the astronauts. For that reason, the Austrian Space Forum, together with the Institute of Microbiology of the University of Innsbruck, tested the textiles for how well microbes (bacteria, fungi, etc.) could adhere to and grow on them. The tests also included investigations whether the microbes would propagate through the potential spacesuit layers. This can be important for planetary protection purposes; propagation from the inside out can lead to the contamination of samples, propagation from the outside in would mean that hypothetical extra-terrestrial life forms could enter the spacesuit.<\/p>\n\n\n\n<div class=\"wp-block-image\"><figure class=\"alignleft size-large is-resized\"><a href=\"https:\/\/oewf.org\/wp-content\/uploads\/2020\/10\/pextex-microbialgrowth.jpg\" class=\"fancybox\"><img decoding=\"async\" src=\"https:\/\/oewf.org\/wp-content\/uploads\/2020\/10\/pextex-microbialgrowth-600x190.jpg\" alt=\"Microbial growth on textiles during pilot tests (c) OeWF\/Garnitschnig\" class=\"wp-image-18966\" width=\"900\" title=\"Microbial growth on textiles during pilot tests (c) OeWF\/Garnitschnig\" srcset=\"https:\/\/oewf.org\/wp-content\/uploads\/2020\/10\/pextex-microbialgrowth-600x190.jpg 600w, https:\/\/oewf.org\/wp-content\/uploads\/2020\/10\/pextex-microbialgrowth-300x95.jpg 300w, https:\/\/oewf.org\/wp-content\/uploads\/2020\/10\/pextex-microbialgrowth-768x243.jpg 768w, https:\/\/oewf.org\/wp-content\/uploads\/2020\/10\/pextex-microbialgrowth.jpg 1200w\" sizes=\"(max-width: 600px) 100vw, 600px\" \/><\/a><figcaption><em>Microbial growth on textiles during pilot tests (c) OeWF\/Garnitschnig<\/em><\/figcaption><\/figure><\/div>\n\n\n\n<h3 class=\"wp-block-heading\">For More Information See:<\/h3>\n\n\n\n<ul class=\"prestyled wp-block-list\"><li><a href=\"http:\/\/www.esa.int\/Enabling_Support\/Space_Engineering_Technology\/ESA_seeking_dust-proof_materials_for_lunar_return\" target=\"_blank\" rel=\"noreferrer noopener\">ESA seeking  dust-proof materials for lunar return<\/a><\/li><\/ul>\n\n\n\n<p class=\"has-small-font-size\">PEER MOHAMED, Mohamed Makthoum, Ma\u0142gorzata HO\u0141Y\u0143SKA, Peter WEISS, Thibaud GOBERT, Yann CHOUARD, Nisheet SINGH, Theo CHALAL, Nina SEJKORA, Gernot GR\u00d6MER, Sibylle SCHMIED, Matthias SCHWEINS, Thomas STEGMAIER, G\u00f6tz T. GRESSER und Shumit DAS, 2020. <strong>Planetary Exploration Textiles (PExTex) &#8211; Materials Selection Procedure for Surface EVA Suit Development<\/strong>. In: <em>71st International Astronautical Congress (IAC)<\/em> [online]. The CyberSpace Edition: International Astronautical Federation (IAF). 12 Oktober 2020. IAC-20-A1.VP.57714.<\/p>\n\n\n\n<p class=\"has-small-font-size\">WEISS, Peter, Makthoum PEER MOHAMED, Thibaud GOBERT, Yann CHOUARD, Nisheet SINGH, Theo CHALAL, Sibylle SCHMIED, Matthias SCHWEINS, Thomas STEGMAIER, G\u00f6tz T. GRESSER, Gernot GROEMER, Nina SEJKORA, Shumit DAS, Riccardo RAMPINI und Ma\u0142gorzata HO\u0141Y\u0143SKA, 2020. <strong><a href=\"https:\/\/doi.org\/10.1002\/admt.202000028\">Advanced Materials for Future Lunar Extravehicular Activity Space Suit. <\/a><\/strong><em>Advanced Materials Technologies<\/em>. 26 Juni 2020. S.&nbsp;2000028. DOI&nbsp;<a href=\"https:\/\/doi.org\/10.1002\/admt.202000028\">10.1002\/admt.202000028<\/a><\/p>\n\n\n\n<p class=\"has-small-font-size\"><strong>About COMEX: <\/strong><br>The Compagnie Maritime d\u2019Expertises (COMEX) was founded in 1961 by Henri Germain Delauze (1929-2012). It is a globally active pioneer in deep sea diving and the development of technologies for manned intervention and robotics in extreme environments. COMEX has participated in numerous ESA projects targeting the return of humans to the Moon. <a href=\"https:\/\/comex.fr\/en\" target=\"_blank\" rel=\"noreferrer noopener\">comex.fr<\/a><\/p>\n\n\n\n<p class=\"has-small-font-size\"><strong>About DITF:<\/strong><br>The German Institutes of Textile and Fiber Research (DITF) form the largest textile research center in Europe. The three research areas textile chemistry and chemical fibers, textile and process engineering and management research cover the entire textile value chain, from the molecule to the finished product. DITF houses several testing laboratories for testing fibers, yarns, surfaces, and textiles. <a href=\"https:\/\/www.ditf.de\/en\" target=\"_blank\" rel=\"noreferrer noopener\">www.ditf.de<\/a><\/p>\n\n\n\n<p class=\"has-small-font-size\"><strong>About MedAustron:<\/strong><br>MedAustron in Wiener Neustadt, Austria, is one of the world\u2019s most cutting-edge centers for cancer treatment and research. MedAustron uses ion beam therapy, where patients get irradiated with charged particles \u2013 protons or carbon ions. This form of therapy is optimal for treating tumors close to radiation sensitive organs. Side effects can be reduced significantly. Besides the treatment of patients in clinical trials, the MedAustron accelerator facility offers the opportunity for performing non-clinical research; for this purpose, the MedAustron center features a separate irradiation room. <a href=\"http:\/\/www.medaustron.at\/en\">www.medaustron.at<\/a><\/p>\n","protected":false},"excerpt":{"rendered":"<p>Over 50 years after the first human lunar landing, humanity is preparing to return to the Moon. Materials to be used in those missions will have to withstand the lunar environment over longer periods of time. Future Extravehicular Activities (EVAs) [&hellip;]<\/p>\n","protected":false},"author":2,"featured_media":18973,"parent":0,"menu_order":0,"comment_status":"closed","ping_status":"closed","template":"","meta":{"footnotes":""},"class_list":["post-18983","page","type-page","status-publish","has-post-thumbnail","hentry"],"yoast_head":"<!-- This site is optimized with the Yoast SEO plugin v27.5 - https:\/\/yoast.com\/product\/yoast-seo-wordpress\/ -->\n<title>PExTex Project - Austrian Space Forum (OeWF)<\/title>\n<meta name=\"robots\" content=\"index, follow, max-snippet:-1, max-image-preview:large, max-video-preview:-1\" \/>\n<link rel=\"canonical\" href=\"https:\/\/oewf.org\/en\/pextex-project\/\" \/>\n<meta property=\"og:locale\" content=\"en_US\" \/>\n<meta property=\"og:type\" content=\"article\" \/>\n<meta property=\"og:title\" content=\"PExTex Project - Austrian Space Forum (OeWF)\" \/>\n<meta property=\"og:description\" content=\"Over 50 years after the first human lunar landing, humanity is preparing to return to the Moon. Materials to be used in those missions will have to withstand the lunar environment over longer periods of time. Future Extravehicular Activities (EVAs) [&hellip;]\" \/>\n<meta property=\"og:url\" content=\"https:\/\/oewf.org\/en\/pextex-project\/\" \/>\n<meta property=\"og:site_name\" content=\"Austrian Space Forum (OeWF)\" \/>\n<meta property=\"article:modified_time\" content=\"2020-10-31T08:26:26+00:00\" \/>\n<meta property=\"og:image\" content=\"https:\/\/oewf.org\/wp-content\/uploads\/2020\/10\/pextex-visual.jpg\" \/>\n\t<meta property=\"og:image:width\" content=\"1200\" \/>\n\t<meta property=\"og:image:height\" content=\"675\" \/>\n\t<meta property=\"og:image:type\" content=\"image\/jpeg\" \/>\n<meta name=\"twitter:card\" content=\"summary_large_image\" \/>\n<meta name=\"twitter:label1\" content=\"Est. reading time\" \/>\n\t<meta name=\"twitter:data1\" content=\"5 minutes\" \/>\n<script type=\"application\/ld+json\" class=\"yoast-schema-graph\">{\"@context\":\"https:\\\/\\\/schema.org\",\"@graph\":[{\"@type\":\"WebPage\",\"@id\":\"https:\\\/\\\/oewf.org\\\/en\\\/pextex-project\\\/\",\"url\":\"https:\\\/\\\/oewf.org\\\/en\\\/pextex-project\\\/\",\"name\":\"PExTex Project - Austrian Space Forum (OeWF)\",\"isPartOf\":{\"@id\":\"https:\\\/\\\/oewf.org\\\/#website\"},\"primaryImageOfPage\":{\"@id\":\"https:\\\/\\\/oewf.org\\\/en\\\/pextex-project\\\/#primaryimage\"},\"image\":{\"@id\":\"https:\\\/\\\/oewf.org\\\/en\\\/pextex-project\\\/#primaryimage\"},\"thumbnailUrl\":\"https:\\\/\\\/oewf.org\\\/wp-content\\\/uploads\\\/2020\\\/10\\\/pextex-visual.jpg\",\"datePublished\":\"2020-10-30T20:20:13+00:00\",\"dateModified\":\"2020-10-31T08:26:26+00:00\",\"breadcrumb\":{\"@id\":\"https:\\\/\\\/oewf.org\\\/en\\\/pextex-project\\\/#breadcrumb\"},\"inLanguage\":\"en-US\",\"potentialAction\":[{\"@type\":\"ReadAction\",\"target\":[\"https:\\\/\\\/oewf.org\\\/en\\\/pextex-project\\\/\"]}]},{\"@type\":\"ImageObject\",\"inLanguage\":\"en-US\",\"@id\":\"https:\\\/\\\/oewf.org\\\/en\\\/pextex-project\\\/#primaryimage\",\"url\":\"https:\\\/\\\/oewf.org\\\/wp-content\\\/uploads\\\/2020\\\/10\\\/pextex-visual.jpg\",\"contentUrl\":\"https:\\\/\\\/oewf.org\\\/wp-content\\\/uploads\\\/2020\\\/10\\\/pextex-visual.jpg\",\"width\":1200,\"height\":675,\"caption\":\"PEx\"},{\"@type\":\"BreadcrumbList\",\"@id\":\"https:\\\/\\\/oewf.org\\\/en\\\/pextex-project\\\/#breadcrumb\",\"itemListElement\":[{\"@type\":\"ListItem\",\"position\":1,\"name\":\"Startseite\",\"item\":\"https:\\\/\\\/oewf.org\\\/en\\\/\"},{\"@type\":\"ListItem\",\"position\":2,\"name\":\"PExTex Project\"}]},{\"@type\":\"WebSite\",\"@id\":\"https:\\\/\\\/oewf.org\\\/#website\",\"url\":\"https:\\\/\\\/oewf.org\\\/\",\"name\":\"Austrian Space Forum (OeWF)\",\"description\":\"\u00d6sterreichisches Weltraum Forum Austrian Space Forum\",\"potentialAction\":[{\"@type\":\"SearchAction\",\"target\":{\"@type\":\"EntryPoint\",\"urlTemplate\":\"https:\\\/\\\/oewf.org\\\/?s={search_term_string}\"},\"query-input\":{\"@type\":\"PropertyValueSpecification\",\"valueRequired\":true,\"valueName\":\"search_term_string\"}}],\"inLanguage\":\"en-US\"}]}<\/script>\n<!-- \/ Yoast SEO plugin. -->","yoast_head_json":{"title":"PExTex Project - Austrian Space Forum (OeWF)","robots":{"index":"index","follow":"follow","max-snippet":"max-snippet:-1","max-image-preview":"max-image-preview:large","max-video-preview":"max-video-preview:-1"},"canonical":"https:\/\/oewf.org\/en\/pextex-project\/","og_locale":"en_US","og_type":"article","og_title":"PExTex Project - Austrian Space Forum (OeWF)","og_description":"Over 50 years after the first human lunar landing, humanity is preparing to return to the Moon. Materials to be used in those missions will have to withstand the lunar environment over longer periods of time. Future Extravehicular Activities (EVAs) [&hellip;]","og_url":"https:\/\/oewf.org\/en\/pextex-project\/","og_site_name":"Austrian Space Forum (OeWF)","article_modified_time":"2020-10-31T08:26:26+00:00","og_image":[{"width":1200,"height":675,"url":"https:\/\/oewf.org\/wp-content\/uploads\/2020\/10\/pextex-visual.jpg","type":"image\/jpeg"}],"twitter_card":"summary_large_image","twitter_misc":{"Est. reading time":"5 minutes"},"schema":{"@context":"https:\/\/schema.org","@graph":[{"@type":"WebPage","@id":"https:\/\/oewf.org\/en\/pextex-project\/","url":"https:\/\/oewf.org\/en\/pextex-project\/","name":"PExTex Project - Austrian Space Forum (OeWF)","isPartOf":{"@id":"https:\/\/oewf.org\/#website"},"primaryImageOfPage":{"@id":"https:\/\/oewf.org\/en\/pextex-project\/#primaryimage"},"image":{"@id":"https:\/\/oewf.org\/en\/pextex-project\/#primaryimage"},"thumbnailUrl":"https:\/\/oewf.org\/wp-content\/uploads\/2020\/10\/pextex-visual.jpg","datePublished":"2020-10-30T20:20:13+00:00","dateModified":"2020-10-31T08:26:26+00:00","breadcrumb":{"@id":"https:\/\/oewf.org\/en\/pextex-project\/#breadcrumb"},"inLanguage":"en-US","potentialAction":[{"@type":"ReadAction","target":["https:\/\/oewf.org\/en\/pextex-project\/"]}]},{"@type":"ImageObject","inLanguage":"en-US","@id":"https:\/\/oewf.org\/en\/pextex-project\/#primaryimage","url":"https:\/\/oewf.org\/wp-content\/uploads\/2020\/10\/pextex-visual.jpg","contentUrl":"https:\/\/oewf.org\/wp-content\/uploads\/2020\/10\/pextex-visual.jpg","width":1200,"height":675,"caption":"PEx"},{"@type":"BreadcrumbList","@id":"https:\/\/oewf.org\/en\/pextex-project\/#breadcrumb","itemListElement":[{"@type":"ListItem","position":1,"name":"Startseite","item":"https:\/\/oewf.org\/en\/"},{"@type":"ListItem","position":2,"name":"PExTex Project"}]},{"@type":"WebSite","@id":"https:\/\/oewf.org\/#website","url":"https:\/\/oewf.org\/","name":"Austrian Space Forum (OeWF)","description":"\u00d6sterreichisches Weltraum Forum Austrian Space Forum","potentialAction":[{"@type":"SearchAction","target":{"@type":"EntryPoint","urlTemplate":"https:\/\/oewf.org\/?s={search_term_string}"},"query-input":{"@type":"PropertyValueSpecification","valueRequired":true,"valueName":"search_term_string"}}],"inLanguage":"en-US"}]}},"_links":{"self":[{"href":"https:\/\/oewf.org\/en\/wp-json\/wp\/v2\/pages\/18983","targetHints":{"allow":["GET"]}}],"collection":[{"href":"https:\/\/oewf.org\/en\/wp-json\/wp\/v2\/pages"}],"about":[{"href":"https:\/\/oewf.org\/en\/wp-json\/wp\/v2\/types\/page"}],"author":[{"embeddable":true,"href":"https:\/\/oewf.org\/en\/wp-json\/wp\/v2\/users\/2"}],"replies":[{"embeddable":true,"href":"https:\/\/oewf.org\/en\/wp-json\/wp\/v2\/comments?post=18983"}],"version-history":[{"count":0,"href":"https:\/\/oewf.org\/en\/wp-json\/wp\/v2\/pages\/18983\/revisions"}],"wp:featuredmedia":[{"embeddable":true,"href":"https:\/\/oewf.org\/en\/wp-json\/wp\/v2\/media\/18973"}],"wp:attachment":[{"href":"https:\/\/oewf.org\/en\/wp-json\/wp\/v2\/media?parent=18983"}],"curies":[{"name":"wp","href":"https:\/\/api.w.org\/{rel}","templated":true}]}}